{"id":445,"date":"2025-03-21T08:48:56","date_gmt":"2025-03-21T08:48:56","guid":{"rendered":"https:\/\/elmonasteriodesantafe.com\/web2\/?page_id=445"},"modified":"2025-10-23T18:39:59","modified_gmt":"2025-10-23T16:39:59","slug":"conocenos","status":"publish","type":"page","link":"https:\/\/elmonasteriodesantafe.com\/web2\/conocenos\/","title":{"rendered":"Conocenos"},"content":{"rendered":"<p>[et_pb_section fb_built=\u00bb1&#8243; admin_label=\u00bbCall to Action\u00bb _builder_version=\u00bb4.25.1&#8243; _module_preset=\u00bbdefault\u00bb background_color=\u00bbgcid-5ce2ff5c-ec55-4afe-b04f-cda004e53cb8&#8243; background_enable_image=\u00bboff\u00bb background_size=\u00bbcontain\u00bb background_position=\u00bbbottom_center\u00bb background_vertical_offset=\u00bb58%\u00bb background_blend=\u00bbmultiply\u00bb background_enable_pattern_style=\u00bbon\u00bb background_pattern_style=\u00bbwaves\u00bb background_pattern_color=\u00bbrgba(0,0,0,0.06)\u00bb background_pattern_size=\u00bbcustom\u00bb background_pattern_width=\u00bb59px\u00bb locked=\u00bboff\u00bb collapsed=\u00bbon\u00bb global_colors_info=\u00bb{%22gcid-5ce2ff5c-ec55-4afe-b04f-cda004e53cb8%22:%91%22background_color%22,%22background_color%22%93}\u00bb][et_pb_row _builder_version=\u00bb4.25.1&#8243; _module_preset=\u00bbdefault\u00bb global_colors_info=\u00bb{}\u00bb][et_pb_column type=\u00bb4_4&#8243; _builder_version=\u00bb4.25.1&#8243; _module_preset=\u00bbdefault\u00bb global_colors_info=\u00bb{}\u00bb][et_pb_heading title=\u00bbEl Monasterio de Santa Fe\u00bb _builder_version=\u00bb4.27.4&#8243; _module_preset=\u00bbcbac0228-e801-4db3-a604-ada05ed60423&#8243; title_text_align=\u00bbcenter\u00bb title_text_color=\u00bb#FFFFFF\u00bb custom_margin=\u00bb||0px||false|false\u00bb global_colors_info=\u00bb{}\u00bb][\/et_pb_heading][et_pb_button button_url=\u00bbhttps:\/\/wa.me\/34663817855&#8243; button_text=\u00bbConsultar por whatsapp\u00bb button_alignment=\u00bbcenter\u00bb _builder_version=\u00bb4.27.4&#8243; _module_preset=\u00bb7f08deeb-5f64-44be-8213-f8fcd92ef49a\u00bb locked=\u00bboff\u00bb global_colors_info=\u00bb{}\u00bb][\/et_pb_button][\/et_pb_column][\/et_pb_row][\/et_pb_section][et_pb_section fb_built=\u00bb1&#8243; _builder_version=\u00bb4.27.4&#8243; _module_preset=\u00bbdefault\u00bb global_colors_info=\u00bb{}\u00bb][et_pb_row column_structure=\u00bb3_5,2_5&#8243; _builder_version=\u00bb4.27.4&#8243; _module_preset=\u00bbdefault\u00bb global_colors_info=\u00bb{}\u00bb][et_pb_column type=\u00bb3_5&#8243; _builder_version=\u00bb4.27.4&#8243; _module_preset=\u00bbdefault\u00bb global_colors_info=\u00bb{}\u00bb][et_pb_text _builder_version=\u00bb4.27.4&#8243; _module_preset=\u00bbdefault\u00bb global_colors_info=\u00bb{}\u00bb]<\/p>\n<p>Con una situaci\u00f3n inmejorable, en nuestro restaurante ubicado en la localidad de Cuarte de Huerva, podr\u00e1 disfrutar de unas acogedoras instalaciones, decoradas en un agradable ambiente. Se encuentra completamente climatizado, para que usted y los suyos puedan realizar c\u00f3modamente todo tipo de eventos.<\/p>\n<p>Disponemos de men\u00fa diario y men\u00fa de fin de semana. En nuestro restaurante podr\u00e1 celebrar cualquier tipo de evento, desde un banquete de boda a una reuni\u00f3n de empresa. Consulte nuestros men\u00fas.<\/p>\n<p>Terraza exterior al aire libre donde poder comer, tomar caf\u00e9, copas e incluso fumar.<\/p>\n<p>Si quiere realizarnos alguna consulta o sugerencia no dude en ponerse en contacto con nosotros por tel\u00e9fono o whatsapp<\/p>\n<p>[\/et_pb_text][\/et_pb_column][et_pb_column type=\u00bb2_5&#8243; _builder_version=\u00bb4.27.4&#8243; _module_preset=\u00bbdefault\u00bb global_colors_info=\u00bb{}\u00bb][et_pb_image src=\u00bbhttps:\/\/elmonasteriodesantafe.com\/web2\/wp-content\/uploads\/2025\/03\/WhatsApp-Image-2022-04-18-at-7.34.41-PM-2.jpeg\u00bb title_text=\u00bbWhatsApp-Image-2022-04-18-at-7.34.41-PM-2&#8243; _builder_version=\u00bb4.27.4&#8243; _module_preset=\u00bbdefault\u00bb global_colors_info=\u00bb{}\u00bb][\/et_pb_image][\/et_pb_column][\/et_pb_row][\/et_pb_section][et_pb_section fb_built=\u00bb1&#8243; custom_padding_last_edited=\u00bbon|desktop\u00bb admin_label=\u00bbGallery\u00bb _builder_version=\u00bb4.25.1&#8243; _module_preset=\u00bbdefault\u00bb custom_padding=\u00bb|60px||60px|false|true\u00bb custom_padding_tablet=\u00bb|10%||10%|false|true\u00bb custom_padding_phone=\u00bb10%|10%|10%|10%|true|true\u00bb locked=\u00bboff\u00bb global_colors_info=\u00bb{%22gcid-5ce2ff5c-ec55-4afe-b04f-cda004e53cb8%22:%91%22background_color%22%93}\u00bb][et_pb_row column_structure=\u00bb1_4,3_4&#8243; use_custom_gutter=\u00bbon\u00bb gutter_width=\u00bb2&#8243; make_equal=\u00bbon\u00bb _builder_version=\u00bb4.27.4&#8243; _module_preset=\u00bbdefault\u00bb width=\u00bb100%\u00bb max_width=\u00bbnone\u00bb custom_padding=\u00bb||||false|false\u00bb global_colors_info=\u00bb{}\u00bb][et_pb_column type=\u00bb1_4&#8243; _builder_version=\u00bb4.27.4&#8243; _module_preset=\u00bbdefault\u00bb background_image=\u00bbhttps:\/\/elmonasteriodesantafe.com\/web2\/wp-content\/uploads\/2025\/03\/DSC02413-1-scaled.jpg\u00bb global_colors_info=\u00bb{}\u00bb][et_pb_divider show_divider=\u00bboff\u00bb _builder_version=\u00bb4.27.4&#8243; _module_preset=\u00bbdefault\u00bb height_tablet=\u00bb60vw\u00bb height_phone=\u00bb60vw\u00bb height_last_edited=\u00bbon|tablet\u00bb locked=\u00bboff\u00bb global_colors_info=\u00bb{}\u00bb][\/et_pb_divider][\/et_pb_column][et_pb_column type=\u00bb3_4&#8243; _builder_version=\u00bb4.25.1&#8243; _module_preset=\u00bbdefault\u00bb global_colors_info=\u00bb{}\u00bb][et_pb_image src=\u00bbhttps:\/\/elmonasteriodesantafe.com\/web2\/wp-content\/uploads\/2025\/03\/275060226_1831606180368531_2930930941940545656_n.jpeg\u00bb title_text=\u00bb275060226_1831606180368531_2930930941940545656_n\u00bb force_fullwidth=\u00bbon\u00bb _builder_version=\u00bb4.27.4&#8243; _module_preset=\u00bbdefault\u00bb global_colors_info=\u00bb{}\u00bb][\/et_pb_image][\/et_pb_column][\/et_pb_row][et_pb_row column_structure=\u00bb3_5,2_5&#8243; use_custom_gutter=\u00bbon\u00bb gutter_width=\u00bb2&#8243; make_equal=\u00bbon\u00bb _builder_version=\u00bb4.27.4&#8243; _module_preset=\u00bbdefault\u00bb width=\u00bb100%\u00bb max_width=\u00bbnone\u00bb custom_padding=\u00bb||||false|false\u00bb global_colors_info=\u00bb{}\u00bb][et_pb_column type=\u00bb3_5&#8243; _builder_version=\u00bb4.25.1&#8243; _module_preset=\u00bbdefault\u00bb global_colors_info=\u00bb{}\u00bb][et_pb_image src=\u00bbhttps:\/\/elmonasteriodesantafe.com\/web2\/wp-content\/uploads\/2025\/03\/WhatsApp-Image-2022-04-18-at-7.34.41-PM-1.jpeg\u00bb title_text=\u00bbWhatsApp-Image-2022-04-18-at-7.34.41-PM-1&#8243; _builder_version=\u00bb4.27.4&#8243; _module_preset=\u00bbdefault\u00bb global_colors_info=\u00bb{}\u00bb][\/et_pb_image][\/et_pb_column][et_pb_column type=\u00bb2_5&#8243; _builder_version=\u00bb4.27.4&#8243; _module_preset=\u00bbdefault\u00bb background_image=\u00bbhttps:\/\/elmonasteriodesantafe.com\/web2\/wp-content\/uploads\/2025\/03\/IMG_20210410_145550-scaled.jpg\u00bb global_colors_info=\u00bb{}\u00bb][et_pb_divider show_divider=\u00bboff\u00bb _builder_version=\u00bb4.25.1&#8243; _module_preset=\u00bbdefault\u00bb height_tablet=\u00bb60vw\u00bb height_phone=\u00bb60vw\u00bb height_last_edited=\u00bbon|tablet\u00bb locked=\u00bboff\u00bb global_colors_info=\u00bb{}\u00bb][\/et_pb_divider][\/et_pb_column][\/et_pb_row][\/et_pb_section][et_pb_section fb_built=\u00bb1&#8243; admin_label=\u00bbFooter\u00bb _builder_version=\u00bb4.25.1&#8243; _module_preset=\u00bbdefault\u00bb saved_tabs=\u00bball\u00bb collapsed=\u00bbon\u00bb global_colors_info=\u00bb{}\u00bb][et_pb_row _builder_version=\u00bb4.25.1&#8243; _module_preset=\u00bbdefault\u00bb border_color_all=\u00bbrgba(0,0,0,0.12)\u00bb border_width_top=\u00bb1px\u00bb global_colors_info=\u00bb{}\u00bb][et_pb_column type=\u00bb4_4&#8243; _builder_version=\u00bb4.25.1&#8243; _module_preset=\u00bbdefault\u00bb global_colors_info=\u00bb{}\u00bb][et_pb_text _builder_version=\u00bb4.27.4&#8243; _module_preset=\u00bbdefault\u00bb global_colors_info=\u00bb{}\u00bb]<iframe src=\"https:\/\/www.google.com\/maps\/embed?pb=!1m18!1m12!1m3!1d2984.6271165417097!2d-0.9520151882902197!3d41.57731418407287!2m3!1f0!2f0!3f0!3m2!1i1024!2i768!4f13.1!3m3!1m2!1s0xd594025e71f5adb%3A0x4823c0cdb407b7ee!2sRestaurante%20El%20Monasterio%20de%20Santa%20Fe!5e0!3m2!1ses!2ses!4v1733342747562!5m2!1ses!2ses\" width=\"1200\" height=\"450\" style=\"border:0;\" allowfullscreen=\"\" loading=\"lazy\" referrerpolicy=\"no-referrer-when-downgrade\"><\/iframe>[\/et_pb_text][\/et_pb_column][\/et_pb_row][et_pb_row column_structure=\u00bb1_3,1_3,1_3&#8243; _builder_version=\u00bb4.25.1&#8243; _module_preset=\u00bbdefault\u00bb global_colors_info=\u00bb{}\u00bb][et_pb_column type=\u00bb1_3&#8243; _builder_version=\u00bb4.25.1&#8243; _module_preset=\u00bbdefault\u00bb global_colors_info=\u00bb{}\u00bb][et_pb_heading title=\u00bbContacto\u00bb _builder_version=\u00bb4.27.4&#8243; _module_preset=\u00bb79309151-86b2-442c-b6ab-9972c16b77f9&#8243; locked=\u00bboff\u00bb global_colors_info=\u00bb{}\u00bb][\/et_pb_heading][et_pb_heading title=\u00bb976 50 44 89&#8243; url=\u00bbtel:976504489&#8243; _builder_version=\u00bb4.27.4&#8243; _module_preset=\u00bb79309151-86b2-442c-b6ab-9972c16b77f9&#8243; title_text_color=\u00bbgcid-5ce2ff5c-ec55-4afe-b04f-cda004e53cb8&#8243; custom_margin=\u00bb||10px||false|false\u00bb hover_enabled=\u00bb0&#8243; locked=\u00bboff\u00bb global_colors_info=\u00bb{%22gcid-5ce2ff5c-ec55-4afe-b04f-cda004e53cb8%22:%91%22title_text_color%22%93}\u00bb sticky_enabled=\u00bb0&#8243;][\/et_pb_heading][et_pb_text _builder_version=\u00bb4.27.4&#8243; _module_preset=\u00bb384b3da7-b155-4df6-9f23-b444380fbe66&#8243; global_colors_info=\u00bb{}\u00bb]<\/p>\n<p>El Monasterio de Santa F\u00e9<br \/>Av. de Sta. Fe, 14, <br \/>50410 Cuarte de Huerva, Zaragoza<\/p>\n<p>[\/et_pb_text][\/et_pb_column][et_pb_column type=\u00bb1_3&#8243; _builder_version=\u00bb4.25.1&#8243; _module_preset=\u00bbdefault\u00bb global_colors_info=\u00bb{}\u00bb][et_pb_heading title=\u00bbHorarios\u00bb _builder_version=\u00bb4.27.4&#8243; _module_preset=\u00bb79309151-86b2-442c-b6ab-9972c16b77f9&#8243; locked=\u00bboff\u00bb global_colors_info=\u00bb{}\u00bb][\/et_pb_heading][et_pb_text _builder_version=\u00bb4.27.4&#8243; _module_preset=\u00bb384b3da7-b155-4df6-9f23-b444380fbe66&#8243; custom_margin=\u00bb||10px||false|false\u00bb global_colors_info=\u00bb{}\u00bb]<\/p>\n<p>Lunes CERRADO<\/p>\n<p>[\/et_pb_text][et_pb_text _builder_version=\u00bb4.27.4&#8243; _module_preset=\u00bb384b3da7-b155-4df6-9f23-b444380fbe66&#8243; custom_margin=\u00bb||10px||false|false\u00bb hover_enabled=\u00bb0&#8243; global_colors_info=\u00bb{}\u00bb sticky_enabled=\u00bb0&#8243;]<\/p>\n<p>Martes &#8211; 8:30 &#8211; 17:30<\/p>\n<p>[\/et_pb_text][et_pb_text _builder_version=\u00bb4.27.4&#8243; _module_preset=\u00bb384b3da7-b155-4df6-9f23-b444380fbe66&#8243; custom_margin=\u00bb||10px||false|false\u00bb hover_enabled=\u00bb0&#8243; global_colors_info=\u00bb{}\u00bb sticky_enabled=\u00bb0&#8243;]<\/p>\n<p>Mi\u00e9rcoles &#8211; 8:30 &#8211; 17:30<\/p>\n<p>[\/et_pb_text][et_pb_text _builder_version=\u00bb4.27.4&#8243; _module_preset=\u00bb384b3da7-b155-4df6-9f23-b444380fbe66&#8243; custom_margin=\u00bb||10px||false|false\u00bb hover_enabled=\u00bb0&#8243; global_colors_info=\u00bb{}\u00bb sticky_enabled=\u00bb0&#8243;]<\/p>\n<p>Jueves &#8211; 8:30 &#8211; 17:30<\/p>\n<p>[\/et_pb_text][et_pb_text _builder_version=\u00bb4.27.4&#8243; _module_preset=\u00bb384b3da7-b155-4df6-9f23-b444380fbe66&#8243; custom_margin=\u00bb||10px||false|false\u00bb hover_enabled=\u00bb0&#8243; global_colors_info=\u00bb{}\u00bb sticky_enabled=\u00bb0&#8243;]<\/p>\n<p>Viernes &#8211; 8:30 &#8211; 00 h<\/p>\n<p>[\/et_pb_text][et_pb_text _builder_version=\u00bb4.27.4&#8243; _module_preset=\u00bb384b3da7-b155-4df6-9f23-b444380fbe66&#8243; custom_margin=\u00bb||10px||false|false\u00bb global_colors_info=\u00bb{}\u00bb]<\/p>\n<p>S\u00e1bado 10 &#8211; 00 h<\/p>\n<p>[\/et_pb_text][et_pb_text _builder_version=\u00bb4.27.4&#8243; _module_preset=\u00bb384b3da7-b155-4df6-9f23-b444380fbe66&#8243; custom_margin=\u00bb||10px||false|false\u00bb global_colors_info=\u00bb{}\u00bb]<\/p>\n<p>Domingo &#8211; 10 &#8211; 18 h.<\/p>\n<p>[\/et_pb_text][\/et_pb_column][et_pb_column type=\u00bb1_3&#8243; _builder_version=\u00bb4.25.1&#8243; _module_preset=\u00bbdefault\u00bb global_colors_info=\u00bb{}\u00bb][et_pb_heading title=\u00bbReservas\u00bb _builder_version=\u00bb4.27.4&#8243; _module_preset=\u00bb79309151-86b2-442c-b6ab-9972c16b77f9&#8243; locked=\u00bboff\u00bb global_colors_info=\u00bb{}\u00bb][\/et_pb_heading][et_pb_button button_url=\u00bbhttps:\/\/wa.me\/34663817855&#8243; button_text=\u00bbWhatsapp\u00bb _builder_version=\u00bb4.27.4&#8243; _module_preset=\u00bbd04d0ac9-2e1b-4d13-b30e-ce5ba32bcfc0&#8243; custom_margin=\u00bb||20px||false|false\u00bb global_colors_info=\u00bb{}\u00bb][\/et_pb_button][et_pb_button button_url=\u00bbtel:976504489&#8243; button_text=\u00bbTelefono\u00bb _builder_version=\u00bb4.27.4&#8243; _module_preset=\u00bb22f503ef-3b6d-4532-84b6-295d8dd92c47&#8243; global_colors_info=\u00bb{}\u00bb][\/et_pb_button][\/et_pb_column][\/et_pb_row][\/et_pb_section]<\/p>\n","protected":false},"excerpt":{"rendered":"<p>Con una situaci\u00f3n inmejorable, en nuestro restaurante ubicado en la localidad de Cuarte de Huerva, podr\u00e1 disfrutar de unas acogedoras instalaciones, decoradas en un agradable ambiente. Se encuentra completamente climatizado, para que usted y los suyos puedan realizar c\u00f3modamente todo tipo de eventos. Disponemos de men\u00fa diario y men\u00fa de fin de semana. En nuestro [&hellip;]<\/p>\n","protected":false},"author":1,"featured_media":0,"parent":0,"menu_order":0,"comment_status":"closed","ping_status":"closed","template":"","meta":{"_et_pb_use_builder":"on","_et_pb_old_content":"","_et_gb_content_width":"","footnotes":""},"class_list":["post-445","page","type-page","status-publish","hentry"],"_links":{"self":[{"href":"https:\/\/elmonasteriodesantafe.com\/web2\/wp-json\/wp\/v2\/pages\/445","targetHints":{"allow":["GET"]}}],"collection":[{"href":"https:\/\/elmonasteriodesantafe.com\/web2\/wp-json\/wp\/v2\/pages"}],"about":[{"href":"https:\/\/elmonasteriodesantafe.com\/web2\/wp-json\/wp\/v2\/types\/page"}],"author":[{"embeddable":true,"href":"https:\/\/elmonasteriodesantafe.com\/web2\/wp-json\/wp\/v2\/users\/1"}],"replies":[{"embeddable":true,"href":"https:\/\/elmonasteriodesantafe.com\/web2\/wp-json\/wp\/v2\/comments?post=445"}],"version-history":[{"count":6,"href":"https:\/\/elmonasteriodesantafe.com\/web2\/wp-json\/wp\/v2\/pages\/445\/revisions"}],"predecessor-version":[{"id":937,"href":"https:\/\/elmonasteriodesantafe.com\/web2\/wp-json\/wp\/v2\/pages\/445\/revisions\/937"}],"wp:attachment":[{"href":"https:\/\/elmonasteriodesantafe.com\/web2\/wp-json\/wp\/v2\/media?parent=445"}],"curies":[{"name":"wp","href":"https:\/\/api.w.org\/{rel}","templated":true}]}}